{"id":506,"date":"2025-03-12T14:22:59","date_gmt":"2025-03-12T13:22:59","guid":{"rendered":"http:\/\/imkerverein-etteln.de\/?page_id=506"},"modified":"2025-03-12T14:22:59","modified_gmt":"2025-03-12T13:22:59","slug":"weihnachtsmarkt-in-borchen","status":"publish","type":"page","link":"http:\/\/imkerverein-etteln.de\/?page_id=506","title":{"rendered":"Weihnachtsmarkt in Borchen"},"content":{"rendered":"<h2>Wie in den vergangenen Jahren&nbsp; war der Weihnachtsmarkt in Borchen auch in diesem Jahrein voller Erfolg f\u00fcr unseren Verein. Der Vorstand bedankt sich bei allen flei\u00dfigen Helfern f\u00fcr die tolle Mitarbeit.<\/h2>\n<p>Hier einige Bilder aus 2017<\/p>\n<p><a href=\"http:\/\/imkerverein-etteln.de\/wp-content\/uploads\/2017\/12\/image1.jpeg\"><img decoding=\"async\" loading=\"lazy\" class=\"aligncenter size-medium wp-image-799\" src=\"http:\/\/imkerverein-etteln.de\/wp-content\/uploads\/2017\/12\/image1-300x225.jpeg\" alt=\"\" width=\"300\" height=\"225\" srcset=\"http:\/\/imkerverein-etteln.de\/wp-content\/uploads\/2017\/12\/image1-300x225.jpeg 300w, http:\/\/imkerverein-etteln.de\/wp-content\/uploads\/2017\/12\/image1-768x576.jpeg 768w, http:\/\/imkerverein-etteln.de\/wp-content\/uploads\/2017\/12\/image1-1024x768.jpeg 1024w\" sizes=\"(max-width: 300px) 100vw, 300px\" \/><\/a><\/p>\n<p><a href=\"http:\/\/imkerverein-etteln.de\/wp-content\/uploads\/2017\/12\/image3.jpeg\"><img decoding=\"async\" loading=\"lazy\" class=\"aligncenter size-medium wp-image-803\" src=\"http:\/\/imkerverein-etteln.de\/wp-content\/uploads\/2017\/12\/image3-300x225.jpeg\" alt=\"\" width=\"300\" height=\"225\" srcset=\"http:\/\/imkerverein-etteln.de\/wp-content\/uploads\/2017\/12\/image3-300x225.jpeg 300w, http:\/\/imkerverein-etteln.de\/wp-content\/uploads\/2017\/12\/image3-768x576.jpeg 768w, http:\/\/imkerverein-etteln.de\/wp-content\/uploads\/2017\/12\/image3-1024x768.jpeg 1024w\" sizes=\"(max-width: 300px) 100vw, 300px\" \/><\/a><\/p>\n<p><a href=\"http:\/\/imkerverein-etteln.de\/wp-content\/uploads\/2017\/12\/image6.jpeg\"><img decoding=\"async\" loading=\"lazy\" class=\"aligncenter size-medium wp-image-801\" src=\"http:\/\/imkerverein-etteln.de\/wp-content\/uploads\/2017\/12\/image6-300x225.jpeg\" alt=\"\" width=\"300\" height=\"225\" srcset=\"http:\/\/imkerverein-etteln.de\/wp-content\/uploads\/2017\/12\/image6-300x225.jpeg 300w, http:\/\/imkerverein-etteln.de\/wp-content\/uploads\/2017\/12\/image6-768x576.jpeg 768w, http:\/\/imkerverein-etteln.de\/wp-content\/uploads\/2017\/12\/image6-1024x768.jpeg 1024w\" sizes=\"(max-width: 300px) 100vw, 300px\" \/><\/a><a href=\"http:\/\/imkerverein-etteln.de\/wp-content\/uploads\/2017\/12\/image2.jpeg\"><img decoding=\"async\" loading=\"lazy\" class=\"aligncenter size-medium wp-image-800\" src=\"http:\/\/imkerverein-etteln.de\/wp-content\/uploads\/2017\/12\/image2-300x225.jpeg\" alt=\"\" width=\"300\" height=\"225\" srcset=\"http:\/\/imkerverein-etteln.de\/wp-content\/uploads\/2017\/12\/image2-300x225.jpeg 300w, http:\/\/imkerverein-etteln.de\/wp-content\/uploads\/2017\/12\/image2-768x576.jpeg 768w, http:\/\/imkerverein-etteln.de\/wp-content\/uploads\/2017\/12\/image2-1024x768.jpeg 1024w\" sizes=\"(max-width: 300px) 100vw, 300px\" \/><\/a><a href=\"http:\/\/imkerverein-etteln.de\/wp-content\/uploads\/2017\/12\/image5.jpeg\"><img decoding=\"async\" loading=\"lazy\" class=\"aligncenter size-medium wp-image-804\" src=\"http:\/\/imkerverein-etteln.de\/wp-content\/uploads\/2017\/12\/image5-300x225.jpeg\" alt=\"\" width=\"300\" height=\"225\" srcset=\"http:\/\/imkerverein-etteln.de\/wp-content\/uploads\/2017\/12\/image5-300x225.jpeg 300w, http:\/\/imkerverein-etteln.de\/wp-content\/uploads\/2017\/12\/image5-768x576.jpeg 768w, http:\/\/imkerverein-etteln.de\/wp-content\/uploads\/2017\/12\/image5-1024x768.jpeg 1024w\" sizes=\"(max-width: 300px) 100vw, 300px\" \/><\/a><a href=\"http:\/\/imkerverein-etteln.de\/wp-content\/uploads\/2017\/12\/image7.jpeg\"><img decoding=\"async\" loading=\"lazy\" class=\"aligncenter size-medium wp-image-802\" src=\"http:\/\/imkerverein-etteln.de\/wp-content\/uploads\/2017\/12\/image7-300x225.jpeg\" alt=\"\" width=\"300\" height=\"225\" srcset=\"http:\/\/imkerverein-etteln.de\/wp-content\/uploads\/2017\/12\/image7-300x225.jpeg 300w, http:\/\/imkerverein-etteln.de\/wp-content\/uploads\/2017\/12\/image7-768x576.jpeg 768w, http:\/\/imkerverein-etteln.de\/wp-content\/uploads\/2017\/12\/image7-1024x768.jpeg 1024w\" sizes=\"(max-width: 300px) 100vw, 300px\" \/><\/a><\/p>\n<p>2018<\/p>\n\n\n<figure class=\"wp-block-image\"><img decoding=\"async\" loading=\"lazy\" width=\"768\" height=\"1024\" src=\"http:\/\/imkerverein-etteln.de\/wp-content\/uploads\/2018\/12\/IMG-20181219-WA0005-768x1024.jpg\" alt=\"\" class=\"wp-image-978\" srcset=\"http:\/\/imkerverein-etteln.de\/wp-content\/uploads\/2018\/12\/IMG-20181219-WA0005-768x1024.jpg 768w, http:\/\/imkerverein-etteln.de\/wp-content\/uploads\/2018\/12\/IMG-20181219-WA0005-225x300.jpg 225w, http:\/\/imkerverein-etteln.de\/wp-content\/uploads\/2018\/12\/IMG-20181219-WA0005.jpg 1200w\" sizes=\"(max-width: 768px) 100vw, 768px\" \/><\/figure>\n\n\n\n<figure class=\"wp-block-image\"><img decoding=\"async\" loading=\"lazy\" width=\"497\" height=\"1024\" src=\"http:\/\/imkerverein-etteln.de\/wp-content\/uploads\/2018\/12\/IMG-20181219-WA0004-497x1024.jpg\" alt=\"\" class=\"wp-image-977\" srcset=\"http:\/\/imkerverein-etteln.de\/wp-content\/uploads\/2018\/12\/IMG-20181219-WA0004-497x1024.jpg 497w, http:\/\/imkerverein-etteln.de\/wp-content\/uploads\/2018\/12\/IMG-20181219-WA0004-146x300.jpg 146w, http:\/\/imkerverein-etteln.de\/wp-content\/uploads\/2018\/12\/IMG-20181219-WA0004-768x1581.jpg 768w, http:\/\/imkerverein-etteln.de\/wp-content\/uploads\/2018\/12\/IMG-20181219-WA0004.jpg 777w\" sizes=\"(max-width: 497px) 100vw, 497px\" \/><\/figure>\n\n\n\n<figure class=\"wp-block-image\"><img decoding=\"async\" loading=\"lazy\" width=\"497\" height=\"1024\" src=\"http:\/\/imkerverein-etteln.de\/wp-content\/uploads\/2018\/12\/IMG-20181219-WA0003-497x1024.jpg\" alt=\"\" class=\"wp-image-976\" srcset=\"http:\/\/imkerverein-etteln.de\/wp-content\/uploads\/2018\/12\/IMG-20181219-WA0003-497x1024.jpg 497w, http:\/\/imkerverein-etteln.de\/wp-content\/uploads\/2018\/12\/IMG-20181219-WA0003-146x300.jpg 146w, http:\/\/imkerverein-etteln.de\/wp-content\/uploads\/2018\/12\/IMG-20181219-WA0003-768x1581.jpg 768w, http:\/\/imkerverein-etteln.de\/wp-content\/uploads\/2018\/12\/IMG-20181219-WA0003.jpg 777w\" sizes=\"(max-width: 497px) 100vw, 497px\" \/><\/figure>\n\n\n\n<figure class=\"wp-block-image\"><img decoding=\"async\" loading=\"lazy\" width=\"1024\" height=\"497\" src=\"http:\/\/imkerverein-etteln.de\/wp-content\/uploads\/2018\/12\/IMG-20181219-WA0002-1024x497.jpg\" alt=\"\" class=\"wp-image-975\" srcset=\"http:\/\/imkerverein-etteln.de\/wp-content\/uploads\/2018\/12\/IMG-20181219-WA0002-1024x497.jpg 1024w, http:\/\/imkerverein-etteln.de\/wp-content\/uploads\/2018\/12\/IMG-20181219-WA0002-300x146.jpg 300w, http:\/\/imkerverein-etteln.de\/wp-content\/uploads\/2018\/12\/IMG-20181219-WA0002-768x373.jpg 768w, http:\/\/imkerverein-etteln.de\/wp-content\/uploads\/2018\/12\/IMG-20181219-WA0002.jpg 1600w\" sizes=\"(max-width: 1024px) 100vw, 1024px\" \/><\/figure>\n\n\n\n<figure class=\"wp-block-image\"><img decoding=\"async\" loading=\"lazy\" width=\"768\" height=\"1024\" src=\"http:\/\/imkerverein-etteln.de\/wp-content\/uploads\/2018\/12\/IMG-20181219-WA0001-768x1024.jpg\" alt=\"\" class=\"wp-image-974\" srcset=\"http:\/\/imkerverein-etteln.de\/wp-content\/uploads\/2018\/12\/IMG-20181219-WA0001-768x1024.jpg 768w, http:\/\/imkerverein-etteln.de\/wp-content\/uploads\/2018\/12\/IMG-20181219-WA0001-225x300.jpg 225w, http:\/\/imkerverein-etteln.de\/wp-content\/uploads\/2018\/12\/IMG-20181219-WA0001.jpg 1200w\" sizes=\"(max-width: 768px) 100vw, 768px\" \/><\/figure>\n\n\n\n<h2 class=\"wp-block-heading\">Bilder aus 2024<\/h2>\n\n\n\n<figure class=\"wp-block-image size-large\"><a href=\"http:\/\/imkerverein-etteln.de\/wp-content\/uploads\/2024\/12\/IMG-20241201-WA0009.jpg\"><img decoding=\"async\" loading=\"lazy\" width=\"987\" height=\"1024\" src=\"http:\/\/imkerverein-etteln.de\/wp-content\/uploads\/2024\/12\/IMG-20241201-WA0009-987x1024.jpg\" alt=\"\" class=\"wp-image-1767\" srcset=\"http:\/\/imkerverein-etteln.de\/wp-content\/uploads\/2024\/12\/IMG-20241201-WA0009-987x1024.jpg 987w, http:\/\/imkerverein-etteln.de\/wp-content\/uploads\/2024\/12\/IMG-20241201-WA0009-289x300.jpg 289w, http:\/\/imkerverein-etteln.de\/wp-content\/uploads\/2024\/12\/IMG-20241201-WA0009-768x797.jpg 768w, http:\/\/imkerverein-etteln.de\/wp-content\/uploads\/2024\/12\/IMG-20241201-WA0009-1481x1536.jpg 1481w, http:\/\/imkerverein-etteln.de\/wp-content\/uploads\/2024\/12\/IMG-20241201-WA0009.jpg 1974w\" sizes=\"(max-width: 987px) 100vw, 987px\" \/><\/a><\/figure>\n\n\n\n<figure class=\"wp-block-image size-large\"><a href=\"http:\/\/imkerverein-etteln.de\/wp-content\/uploads\/2024\/12\/image.png\"><img decoding=\"async\" loading=\"lazy\" width=\"1024\" height=\"771\" src=\"http:\/\/imkerverein-etteln.de\/wp-content\/uploads\/2024\/12\/image-1024x771.png\" alt=\"\" class=\"wp-image-1771\" srcset=\"http:\/\/imkerverein-etteln.de\/wp-content\/uploads\/2024\/12\/image-1024x771.png 1024w, http:\/\/imkerverein-etteln.de\/wp-content\/uploads\/2024\/12\/image-300x226.png 300w, http:\/\/imkerverein-etteln.de\/wp-content\/uploads\/2024\/12\/image-768x578.png 768w, http:\/\/imkerverein-etteln.de\/wp-content\/uploads\/2024\/12\/image-1536x1157.png 1536w, http:\/\/imkerverein-etteln.de\/wp-content\/uploads\/2024\/12\/image.png 2040w\" sizes=\"(max-width: 1024px) 100vw, 1024px\" \/><\/a><\/figure>\n\n\n\n<figure class=\"wp-block-image size-large\"><a href=\"http:\/\/imkerverein-etteln.de\/wp-content\/uploads\/2024\/12\/IMG-20241201-WA0008.jpg\"><img decoding=\"async\" loading=\"lazy\" width=\"1024\" height=\"771\" src=\"http:\/\/imkerverein-etteln.de\/wp-content\/uploads\/2024\/12\/IMG-20241201-WA0008-1024x771.jpg\" alt=\"\" class=\"wp-image-1766\" srcset=\"http:\/\/imkerverein-etteln.de\/wp-content\/uploads\/2024\/12\/IMG-20241201-WA0008-1024x771.jpg 1024w, http:\/\/imkerverein-etteln.de\/wp-content\/uploads\/2024\/12\/IMG-20241201-WA0008-300x226.jpg 300w, http:\/\/imkerverein-etteln.de\/wp-content\/uploads\/2024\/12\/IMG-20241201-WA0008-768x578.jpg 768w, http:\/\/imkerverein-etteln.de\/wp-content\/uploads\/2024\/12\/IMG-20241201-WA0008-1536x1157.jpg 1536w, http:\/\/imkerverein-etteln.de\/wp-content\/uploads\/2024\/12\/IMG-20241201-WA0008.jpg 2040w\" sizes=\"(max-width: 1024px) 100vw, 1024px\" \/><\/a><\/figure>\n\n\n\n<figure class=\"wp-block-image size-large\"><a href=\"http:\/\/imkerverein-etteln.de\/wp-content\/uploads\/2024\/12\/IMG-20241201-WA0010.jpg\"><img decoding=\"async\" loading=\"lazy\" width=\"1024\" height=\"771\" src=\"http:\/\/imkerverein-etteln.de\/wp-content\/uploads\/2024\/12\/IMG-20241201-WA0010-1024x771.jpg\" alt=\"\" class=\"wp-image-1765\" srcset=\"http:\/\/imkerverein-etteln.de\/wp-content\/uploads\/2024\/12\/IMG-20241201-WA0010-1024x771.jpg 1024w, http:\/\/imkerverein-etteln.de\/wp-content\/uploads\/2024\/12\/IMG-20241201-WA0010-300x226.jpg 300w, http:\/\/imkerverein-etteln.de\/wp-content\/uploads\/2024\/12\/IMG-20241201-WA0010-768x578.jpg 768w, http:\/\/imkerverein-etteln.de\/wp-content\/uploads\/2024\/12\/IMG-20241201-WA0010-1536x1157.jpg 1536w, http:\/\/imkerverein-etteln.de\/wp-content\/uploads\/2024\/12\/IMG-20241201-WA0010.jpg 2040w\" sizes=\"(max-width: 1024px) 100vw, 1024px\" \/><\/a><\/figure>\n\n\n\n<figure class=\"wp-block-image size-large\"><a href=\"http:\/\/imkerverein-etteln.de\/wp-content\/uploads\/2024\/12\/IMG-20241201-WA0012.jpg\"><img decoding=\"async\" loading=\"lazy\" width=\"771\" height=\"1024\" src=\"http:\/\/imkerverein-etteln.de\/wp-content\/uploads\/2024\/12\/IMG-20241201-WA0012-771x1024.jpg\" alt=\"\" class=\"wp-image-1764\" srcset=\"http:\/\/imkerverein-etteln.de\/wp-content\/uploads\/2024\/12\/IMG-20241201-WA0012-771x1024.jpg 771w, http:\/\/imkerverein-etteln.de\/wp-content\/uploads\/2024\/12\/IMG-20241201-WA0012-226x300.jpg 226w, http:\/\/imkerverein-etteln.de\/wp-content\/uploads\/2024\/12\/IMG-20241201-WA0012-768x1021.jpg 768w, http:\/\/imkerverein-etteln.de\/wp-content\/uploads\/2024\/12\/IMG-20241201-WA0012-1156x1536.jpg 1156w, http:\/\/imkerverein-etteln.de\/wp-content\/uploads\/2024\/12\/IMG-20241201-WA0012.jpg 1204w\" sizes=\"(max-width: 771px) 100vw, 771px\" \/><\/a><\/figure>\n","protected":false},"excerpt":{"rendered":"<p>Wie in den vergangenen Jahren&nbsp; war der Weihnachtsmarkt in Borchen auch in diesem Jahrein voller Erfolg f\u00fcr unseren Verein. Der Vorstand bedankt sich bei allen flei\u00dfigen Helfern f\u00fcr die tolle Mitarbeit. Hier einige Bilder aus 2017 2018 Bilder aus 2024<\/p>\n","protected":false},"author":1,"featured_media":0,"parent":0,"menu_order":0,"comment_status":"closed","ping_status":"open","template":"","meta":[],"_links":{"self":[{"href":"http:\/\/imkerverein-etteln.de\/index.php?rest_route=\/wp\/v2\/pages\/506"}],"collection":[{"href":"http:\/\/imkerverein-etteln.de\/index.php?rest_route=\/wp\/v2\/pages"}],"about":[{"href":"http:\/\/imkerverein-etteln.de\/index.php?rest_route=\/wp\/v2\/types\/page"}],"author":[{"embeddable":true,"href":"http:\/\/imkerverein-etteln.de\/index.php?rest_route=\/wp\/v2\/users\/1"}],"replies":[{"embeddable":true,"href":"http:\/\/imkerverein-etteln.de\/index.php?rest_route=%2Fwp%2Fv2%2Fcomments&post=506"}],"version-history":[{"count":13,"href":"http:\/\/imkerverein-etteln.de\/index.php?rest_route=\/wp\/v2\/pages\/506\/revisions"}],"predecessor-version":[{"id":1784,"href":"http:\/\/imkerverein-etteln.de\/index.php?rest_route=\/wp\/v2\/pages\/506\/revisions\/1784"}],"wp:attachment":[{"href":"http:\/\/imkerverein-etteln.de\/index.php?rest_route=%2Fwp%2Fv2%2Fmedia&parent=506"}],"curies":[{"name":"wp","href":"https:\/\/api.w.org\/{rel}","templated":true}]}}