{"id":608,"date":"2026-03-21T14:42:56","date_gmt":"2026-03-21T13:42:56","guid":{"rendered":"http:\/\/imkerverein-etteln.de\/?page_id=608"},"modified":"2026-04-10T10:14:04","modified_gmt":"2026-04-10T09:14:04","slug":"wichtige-mitteilung-fuer-die-mitglieder","status":"publish","type":"page","link":"http:\/\/imkerverein-etteln.de\/?page_id=608","title":{"rendered":"**Wichtige Mitteilung f\u00fcr die Mitglieder**"},"content":{"rendered":"\n<h3 class=\"wp-block-heading\"><\/h3>\n\n\n\n<p><\/p>\n\n\n\n<h2 class=\"wp-block-heading\">Wir wollen in diesem Jahr wieder einen Anf\u00e4ngerlehrgang ausrichten, wenn sich gen\u00fcgend Teilnehmer melden. Start ist im April geplant. Anmeldungen bitte unter unserer Vereins  E-Mail.<\/h2>\n\n\n\n<p><\/p>\n\n\n\n<p>******************************<\/p>\n\n\n\n<p><\/p>\n\n\n\n<h2 class=\"wp-block-heading\">Auf der diesj\u00e4hrigen Hauptversammlung wurde Bernd Sch\u00e4fers zum 1. Vorsitzenden gew\u00e4hlt.<\/h2>\n\n\n\n<figure class=\"wp-block-gallery has-nested-images columns-default is-cropped wp-block-gallery-1 is-layout-flex\">\n<figure class=\"wp-block-image size-large\"><a href=\"http:\/\/imkerverein-etteln.de\/wp-content\/uploads\/2026\/03\/thumbnail-1.jpg\"><img decoding=\"async\" loading=\"lazy\" width=\"1024\" height=\"768\" data-id=\"1864\"  src=\"http:\/\/imkerverein-etteln.de\/wp-content\/uploads\/2026\/03\/thumbnail-1-1024x768.jpg\" alt=\"\" class=\"wp-image-1864\" srcset=\"http:\/\/imkerverein-etteln.de\/wp-content\/uploads\/2026\/03\/thumbnail-1-1024x768.jpg 1024w, http:\/\/imkerverein-etteln.de\/wp-content\/uploads\/2026\/03\/thumbnail-1-300x225.jpg 300w, http:\/\/imkerverein-etteln.de\/wp-content\/uploads\/2026\/03\/thumbnail-1-768x576.jpg 768w, http:\/\/imkerverein-etteln.de\/wp-content\/uploads\/2026\/03\/thumbnail-1.jpg 1080w\" sizes=\"(max-width: 1024px) 100vw, 1024px\" \/><\/a><\/figure>\n<\/figure>\n\n\n\n<h2 class=\"wp-block-heading\">Der neue Vorsitzenden Bernd Sch\u00e4fers \u00fcberreicht der alten Vorsitzenden Walburga Kammler die Urkunde zur Ernennung als  Ehrenvorsitzende des Vereins.<\/h2>\n\n\n\n<h2 class=\"wp-block-heading\">Bis zum 30.04.2026 k\u00f6nnen noch S\u00e4uren Bestellungen bei Marina abgegeben werden. Diese kommen wieder in die Sammelbestellung vom KIV Paderborn und sind dementsprechen g\u00fcnstiger<\/h2>\n\n\n\n<p><\/p>\n","protected":false},"excerpt":{"rendered":"<p>Wir wollen in diesem Jahr wieder einen Anf\u00e4ngerlehrgang ausrichten, wenn sich gen\u00fcgend Teilnehmer melden. Start ist im April geplant. Anmeldungen bitte unter unserer Vereins E-Mail. ****************************** Auf der diesj\u00e4hrigen Hauptversammlung wurde Bernd Sch\u00e4fers zum 1. Vorsitzenden gew\u00e4hlt. Der neue Vorsitzenden Bernd Sch\u00e4fers \u00fcberreicht der alten Vorsitzenden Walburga Kammler die Urkunde zur Ernennung als Ehrenvorsitzende des &hellip; <a href=\"http:\/\/imkerverein-etteln.de\/?page_id=608\" class=\"more-link\"><span class=\"screen-reader-text\">**Wichtige Mitteilung f\u00fcr die Mitglieder**<\/span> weiterlesen <span class=\"meta-nav\">&rarr;<\/span><\/a><\/p>\n","protected":false},"author":1,"featured_media":0,"parent":0,"menu_order":0,"comment_status":"closed","ping_status":"closed","template":"","meta":[],"_links":{"self":[{"href":"http:\/\/imkerverein-etteln.de\/index.php?rest_route=\/wp\/v2\/pages\/608"}],"collection":[{"href":"http:\/\/imkerverein-etteln.de\/index.php?rest_route=\/wp\/v2\/pages"}],"about":[{"href":"http:\/\/imkerverein-etteln.de\/index.php?rest_route=\/wp\/v2\/types\/page"}],"author":[{"embeddable":true,"href":"http:\/\/imkerverein-etteln.de\/index.php?rest_route=\/wp\/v2\/users\/1"}],"replies":[{"embeddable":true,"href":"http:\/\/imkerverein-etteln.de\/index.php?rest_route=%2Fwp%2Fv2%2Fcomments&post=608"}],"version-history":[{"count":117,"href":"http:\/\/imkerverein-etteln.de\/index.php?rest_route=\/wp\/v2\/pages\/608\/revisions"}],"predecessor-version":[{"id":1875,"href":"http:\/\/imkerverein-etteln.de\/index.php?rest_route=\/wp\/v2\/pages\/608\/revisions\/1875"}],"wp:attachment":[{"href":"http:\/\/imkerverein-etteln.de\/index.php?rest_route=%2Fwp%2Fv2%2Fmedia&parent=608"}],"curies":[{"name":"wp","href":"https:\/\/api.w.org\/{rel}","templated":true}]}}