{"id":826,"date":"2018-01-20T16:13:39","date_gmt":"2018-01-20T15:13:39","guid":{"rendered":"http:\/\/imkerverein-etteln.de\/?page_id=826"},"modified":"2018-01-20T16:21:19","modified_gmt":"2018-01-20T15:21:19","slug":"jahreshauptversammlung-2017","status":"publish","type":"page","link":"http:\/\/imkerverein-etteln.de\/?page_id=826","title":{"rendered":"Jahreshauptversammlung 2017"},"content":{"rendered":"<h4>Neuer<strong> 2. Vorsitzende des Vereins ist Thomas Eickhoff-Sch\u00e4fer<\/strong><\/h4>\n<p><a href=\"http:\/\/imkerverein-etteln.de\/wp-content\/uploads\/2018\/01\/IMG_1799.jpg\"><img decoding=\"async\" loading=\"lazy\" class=\"aligncenter wp-image-821 size-large\" src=\"http:\/\/imkerverein-etteln.de\/wp-content\/uploads\/2018\/01\/IMG_1799-768x1024.jpg\" alt=\"\" width=\"474\" height=\"632\" srcset=\"http:\/\/imkerverein-etteln.de\/wp-content\/uploads\/2018\/01\/IMG_1799-768x1024.jpg 768w, http:\/\/imkerverein-etteln.de\/wp-content\/uploads\/2018\/01\/IMG_1799-225x300.jpg 225w, http:\/\/imkerverein-etteln.de\/wp-content\/uploads\/2018\/01\/IMG_1799.jpg 1944w\" sizes=\"(max-width: 474px) 100vw, 474px\" \/><\/a><\/p>\n<h5><strong>Mit der &#8222;Flei\u00dfigen Biene&#8220; wurde Bernard Huck ausgezeichnet.\u00a0<\/strong><\/h5>\n<p><a href=\"http:\/\/imkerverein-etteln.de\/wp-content\/uploads\/2018\/01\/IMG_1792.jpg\"><img decoding=\"async\" loading=\"lazy\" class=\"aligncenter wp-image-814 size-large\" src=\"http:\/\/imkerverein-etteln.de\/wp-content\/uploads\/2018\/01\/IMG_1792-768x1024.jpg\" alt=\"\" width=\"474\" height=\"632\" srcset=\"http:\/\/imkerverein-etteln.de\/wp-content\/uploads\/2018\/01\/IMG_1792-768x1024.jpg 768w, http:\/\/imkerverein-etteln.de\/wp-content\/uploads\/2018\/01\/IMG_1792-225x300.jpg 225w, http:\/\/imkerverein-etteln.de\/wp-content\/uploads\/2018\/01\/IMG_1792.jpg 1944w\" sizes=\"(max-width: 474px) 100vw, 474px\" \/><\/a><\/p>\n<p><a href=\"http:\/\/imkerverein-etteln.de\/wp-content\/uploads\/2018\/01\/IMG_1793.jpg\"><img decoding=\"async\" loading=\"lazy\" class=\"aligncenter wp-image-815 size-large\" src=\"http:\/\/imkerverein-etteln.de\/wp-content\/uploads\/2018\/01\/IMG_1793-768x1024.jpg\" alt=\"\" width=\"474\" height=\"632\" srcset=\"http:\/\/imkerverein-etteln.de\/wp-content\/uploads\/2018\/01\/IMG_1793-768x1024.jpg 768w, http:\/\/imkerverein-etteln.de\/wp-content\/uploads\/2018\/01\/IMG_1793-225x300.jpg 225w, http:\/\/imkerverein-etteln.de\/wp-content\/uploads\/2018\/01\/IMG_1793.jpg 1944w\" sizes=\"(max-width: 474px) 100vw, 474px\" \/><\/a><\/p>\n<h4><strong>Die h\u00f6chste Ehrung des Verbandes die &#8222;Goldene Wabe&#8220; wurde Josef Isermann \u00fcberreicht. Karin Bussemas nahm die Ehrung f\u00fcr den Verband vor.<\/strong><\/h4>\n<p><a href=\"http:\/\/imkerverein-etteln.de\/wp-content\/uploads\/2018\/01\/IMG_1798.jpg\"><img decoding=\"async\" loading=\"lazy\" class=\"aligncenter wp-image-820 size-large\" src=\"http:\/\/imkerverein-etteln.de\/wp-content\/uploads\/2018\/01\/IMG_1798-768x1024.jpg\" alt=\"\" width=\"474\" height=\"632\" srcset=\"http:\/\/imkerverein-etteln.de\/wp-content\/uploads\/2018\/01\/IMG_1798-768x1024.jpg 768w, http:\/\/imkerverein-etteln.de\/wp-content\/uploads\/2018\/01\/IMG_1798-225x300.jpg 225w, http:\/\/imkerverein-etteln.de\/wp-content\/uploads\/2018\/01\/IMG_1798.jpg 1944w\" sizes=\"(max-width: 474px) 100vw, 474px\" \/><\/a><\/p>\n<p><a href=\"http:\/\/imkerverein-etteln.de\/wp-content\/uploads\/2018\/01\/IMG_1796.jpg\"><img decoding=\"async\" loading=\"lazy\" class=\"aligncenter wp-image-818 size-large\" src=\"http:\/\/imkerverein-etteln.de\/wp-content\/uploads\/2018\/01\/IMG_1796-768x1024.jpg\" alt=\"\" width=\"474\" height=\"632\" srcset=\"http:\/\/imkerverein-etteln.de\/wp-content\/uploads\/2018\/01\/IMG_1796-768x1024.jpg 768w, http:\/\/imkerverein-etteln.de\/wp-content\/uploads\/2018\/01\/IMG_1796-225x300.jpg 225w, http:\/\/imkerverein-etteln.de\/wp-content\/uploads\/2018\/01\/IMG_1796.jpg 1944w\" sizes=\"(max-width: 474px) 100vw, 474px\" \/><\/a><\/p>\n<p>&nbsp;<\/p>\n","protected":false},"excerpt":{"rendered":"<p>Neuer 2. Vorsitzende des Vereins ist Thomas Eickhoff-Sch\u00e4fer Mit der &#8222;Flei\u00dfigen Biene&#8220; wurde Bernard Huck ausgezeichnet.\u00a0 Die h\u00f6chste Ehrung des Verbandes die &#8222;Goldene Wabe&#8220; wurde Josef Isermann \u00fcberreicht. Karin Bussemas nahm die Ehrung f\u00fcr den Verband vor. &nbsp;<\/p>\n","protected":false},"author":1,"featured_media":0,"parent":0,"menu_order":0,"comment_status":"closed","ping_status":"closed","template":"","meta":[],"_links":{"self":[{"href":"http:\/\/imkerverein-etteln.de\/index.php?rest_route=\/wp\/v2\/pages\/826"}],"collection":[{"href":"http:\/\/imkerverein-etteln.de\/index.php?rest_route=\/wp\/v2\/pages"}],"about":[{"href":"http:\/\/imkerverein-etteln.de\/index.php?rest_route=\/wp\/v2\/types\/page"}],"author":[{"embeddable":true,"href":"http:\/\/imkerverein-etteln.de\/index.php?rest_route=\/wp\/v2\/users\/1"}],"replies":[{"embeddable":true,"href":"http:\/\/imkerverein-etteln.de\/index.php?rest_route=%2Fwp%2Fv2%2Fcomments&post=826"}],"version-history":[{"count":2,"href":"http:\/\/imkerverein-etteln.de\/index.php?rest_route=\/wp\/v2\/pages\/826\/revisions"}],"predecessor-version":[{"id":829,"href":"http:\/\/imkerverein-etteln.de\/index.php?rest_route=\/wp\/v2\/pages\/826\/revisions\/829"}],"wp:attachment":[{"href":"http:\/\/imkerverein-etteln.de\/index.php?rest_route=%2Fwp%2Fv2%2Fmedia&parent=826"}],"curies":[{"name":"wp","href":"https:\/\/api.w.org\/{rel}","templated":true}]}}